{"id":482,"date":"2020-06-14T16:48:49","date_gmt":"2020-06-14T19:48:49","guid":{"rendered":"http:\/\/furlong.com.br\/?page_id=482"},"modified":"2021-01-15T20:31:50","modified_gmt":"2021-01-15T23:31:50","slug":"logistica-aduaneira","status":"publish","type":"page","link":"https:\/\/www.furlong.com.br\/pt_br\/servicos\/logistica-aduaneira-2\/logistica-aduaneira\/","title":{"rendered":"Log\u00edstica Aduaneira"},"content":{"rendered":"<p>[vc_row full_width=&#8221;stretch_row_content_no_spaces&#8221; el_id=&#8221;titulo-pagina&#8221; css=&#8221;.vc_custom_1592165080474{background-image: url(http:\/\/furlong.com.br\/wp-content\/uploads\/2020\/06\/bg-la-header.jpg?id=449) !important;background-position: center !important;background-repeat: no-repeat !important;background-size: cover !important;}&#8221;][vc_column width=&#8221;5\/6&#8243; offset=&#8221;vc_col-lg-offset-2&#8243;][vc_row_inner el_class=&#8221;containerhead&#8221; css=&#8221;.vc_custom_1592160260896{margin-bottom: 45px !important;}&#8221;][vc_column_inner width=&#8221;5\/12&#8243;][vc_column_text el_class=&#8221;rsetxt&#8221;]<\/p>\n<h2><img class=\"wp-image-446 size-full alignleft\" src=\"http:\/\/furlong.com.br\/wp-content\/uploads\/2020\/06\/transporte.png\" alt=\"\" \/> Log\u00edstica Aduaneira<\/h2>\n<p>[\/vc_column_text][\/vc_column_inner][vc_column_inner width=&#8221;7\/12&#8243;][vc_column_text el_class=&#8221;headerred&#8221;]<\/p>\n<h2>Servi\u00e7os de log\u00edstica aduaneira<\/h2>\n<p>[\/vc_column_text][\/vc_column_inner][\/vc_row_inner][\/vc_column][\/vc_row][vc_row full_width=&#8221;stretch_row_content_no_spaces&#8221; el_id=&#8221;a-empresa&#8221; css=&#8221;.vc_custom_1591819256439{padding-top: 60px !important;padding-bottom: 60px !important;}&#8221;][vc_column width=&#8221;5\/6&#8243; offset=&#8221;vc_col-lg-offset-2&#8243;][vc_row_inner el_class=&#8221;contentxt&#8221; css=&#8221;.vc_custom_1591823822093{padding-bottom: 80px !important;}&#8221;][vc_column_inner width=&#8221;1\/2&#8243;][vc_column_text el_class=&#8221;aempresatxt esquerda&#8221;]<\/p>\n<h2>Servi\u00e7os de log\u00edstica<br \/>\naduaneira<\/h2>\n<p>[\/vc_column_text][vc_column_text el_class=&#8221;aempresatxt esquerda&#8221;]A Furlong do Brasil, desenvolveu um sistema de envio antecipado das documenta\u00e7\u00f5es de transporte para agilidade no desembara\u00e7o das mercadorias de exporta\u00e7\u00e3o e importa\u00e7\u00e3o, que junto aos servi\u00e7os de despachantes, com experi\u00eancia comprovada, proporcionam uma libera\u00e7\u00e3o imediata das mercadorias.<br \/>\nEsta agilidade \u00e9 a caracter\u00edstica de nossas opera\u00e7\u00f5es no desembara\u00e7o de cargas em \u00e1reas portu\u00e1rias[\/vc_column_text][\/vc_column_inner][vc_column_inner width=&#8221;1\/2&#8243;][vc_single_image image=&#8221;489&#8243; img_size=&#8221;full&#8221; alignment=&#8221;right&#8221;][\/vc_column_inner][\/vc_row_inner][\/vc_column][\/vc_row]<\/p>\n","protected":false},"excerpt":{"rendered":"<p>[vc_row full_width=&#8221;stretch_row_content_no_spaces&#8221; el_id=&#8221;titulo-pagina&#8221; css=&#8221;.vc_custom_1592165080474{background-image: url(http:\/\/furlong.com.br\/wp-content\/uploads\/2020\/06\/bg-la-header.jpg?id=449) !important;background-position: center !important;background-repeat: no-repeat !important;background-size: cover !important;}&#8221;][vc_column width=&#8221;5\/6&#8243; offset=&#8221;vc_col-lg-offset-2&#8243;][vc_row_inner el_class=&#8221;containerhead&#8221; css=&#8221;.vc_custom_1592160260896{margin-bottom: 45px !important;}&#8221;][vc_column_inner width=&#8221;5\/12&#8243;][vc_column_text el_class=&#8221;rsetxt&#8221;] Log\u00edstica Aduaneira [\/vc_column_text][\/vc_column_inner][vc_column_inner width=&#8221;7\/12&#8243;][vc_column_text el_class=&#8221;headerred&#8221;] Servi\u00e7os de log\u00edstica aduaneira [\/vc_column_text][\/vc_column_inner][\/vc_row_inner][\/vc_column][\/vc_row][vc_row full_width=&#8221;stretch_row_content_no_spaces&#8221; el_id=&#8221;a-empresa&#8221; css=&#8221;.vc_custom_1591819256439{padding-top: 60px !important;padding-bottom: 60px !important;}&#8221;][vc_column width=&#8221;5\/6&#8243; offset=&#8221;vc_col-lg-offset-2&#8243;][vc_row_inner el_class=&#8221;contentxt&#8221; css=&#8221;.vc_custom_1591823822093{padding-bottom: 80px !important;}&#8221;][vc_column_inner width=&#8221;1\/2&#8243;][vc_column_text el_class=&#8221;aempresatxt esquerda&#8221;] Servi\u00e7os de log\u00edstica aduaneira [\/vc_column_text][vc_column_text el_class=&#8221;aempresatxt esquerda&#8221;]A Furlong do [&hellip;]<\/p>\n","protected":false},"author":7,"featured_media":0,"parent":448,"menu_order":0,"comment_status":"closed","ping_status":"open","template":"","meta":[],"_links":{"self":[{"href":"https:\/\/www.furlong.com.br\/pt_br\/wp-json\/wp\/v2\/pages\/482"}],"collection":[{"href":"https:\/\/www.furlong.com.br\/pt_br\/wp-json\/wp\/v2\/pages"}],"about":[{"href":"https:\/\/www.furlong.com.br\/pt_br\/wp-json\/wp\/v2\/types\/page"}],"author":[{"embeddable":true,"href":"https:\/\/www.furlong.com.br\/pt_br\/wp-json\/wp\/v2\/users\/7"}],"replies":[{"embeddable":true,"href":"https:\/\/www.furlong.com.br\/pt_br\/wp-json\/wp\/v2\/comments?post=482"}],"version-history":[{"count":4,"href":"https:\/\/www.furlong.com.br\/pt_br\/wp-json\/wp\/v2\/pages\/482\/revisions"}],"predecessor-version":[{"id":1370,"href":"https:\/\/www.furlong.com.br\/pt_br\/wp-json\/wp\/v2\/pages\/482\/revisions\/1370"}],"up":[{"embeddable":true,"href":"https:\/\/www.furlong.com.br\/pt_br\/wp-json\/wp\/v2\/pages\/448"}],"wp:attachment":[{"href":"https:\/\/www.furlong.com.br\/pt_br\/wp-json\/wp\/v2\/media?parent=482"}],"curies":[{"name":"wp","href":"https:\/\/api.w.org\/{rel}","templated":true}]}}