{"id":372,"date":"2020-06-12T17:04:06","date_gmt":"2020-06-12T20:04:06","guid":{"rendered":"http:\/\/furlong.com.br\/?page_id=372"},"modified":"2025-11-19T17:25:51","modified_gmt":"2025-11-19T20:25:51","slug":"qualidade-e-sustentabilidade","status":"publish","type":"page","link":"https:\/\/www.furlong.com.br\/pt_br\/qualidade-e-sustentabilidade\/","title":{"rendered":"Qualidade e Sustentabilidade"},"content":{"rendered":"<p>[vc_row full_width=&#8221;stretch_row_content_no_spaces&#8221; el_id=&#8221;titulo-pagina&#8221; css=&#8221;.vc_custom_1591992190806{background-image: url(http:\/\/furlong.com.br\/wp-content\/uploads\/2020\/06\/header-qualidade-sustentabilidade.jpg?id=373) !important;background-position: center !important;background-repeat: no-repeat !important;background-size: cover !important;}&#8221;][vc_column][vc_row_inner][vc_column_inner width=&#8221;1\/2&#8243; offset=&#8221;vc_col-lg-offset-6&#8243;][vc_column_text el_class=&#8221;titulopaginatxt&#8221;]<\/p>\n<h2 style=\"text-align: right;\">Qualidade, Seguran\u00e7a e<br \/>\nSustentabilidade<\/h2>\n<p style=\"text-align: right;\">A qualidade dos nossos servi\u00e7os e a garantia de sermos sustent\u00e1veis s\u00e3o os nossos pilares.<\/p>\n<p>[\/vc_column_text][\/vc_column_inner][\/vc_row_inner][\/vc_column][\/vc_row][vc_row full_width=&#8221;stretch_row_content_no_spaces&#8221; el_id=&#8221;a-empresa&#8221; css=&#8221;.vc_custom_1591819256439{padding-top: 60px !important;padding-bottom: 60px !important;}&#8221;][vc_column width=&#8221;5\/6&#8243; offset=&#8221;vc_col-lg-offset-2&#8243;][vc_row_inner el_class=&#8221;contentxt3&#8243; css=&#8221;.vc_custom_1592080696560{padding-bottom: 80px !important;}&#8221;][vc_column_inner width=&#8221;1\/2&#8243;][vc_column_text el_class=&#8221;aempresatxt esquerda&#8221;]<\/p>\n<h2>Pol\u00edtica do Sistema de Gest\u00e3o Integrada \u2013 SGI<\/h2>\n<p>A Transportes Furlong do Brasil \u00e9 uma empresa que atua no segmento de transporte e log\u00edstica de produtos de natureza diversas, incluindo produtos qu\u00edmicos perigosos e n\u00e3o perigosos, com atua\u00e7\u00e3o no mercado nacional e no Mercosul.<\/p>\n<p>Estabelece como compromissos permanentes os seguintes t\u00f3picos:<\/p>\n<p>a) Atender aos requisitos e expectativas de seus clientes;<br \/>\nb) Preservar a seguran\u00e7a e a sa\u00fade de seus colaboradores, sejam empregados ou agregados;<br \/>\nc) Proteger o meio ambiente;<br \/>\nd) Buscar a melhoria cont\u00ednua do seu sistema de gest\u00e3o integrado;<br \/>\ne) Cumprir os requisitos legais aplic\u00e1veis ao sistema de gest\u00e3o integrado.[\/vc_column_text][\/vc_column_inner][vc_column_inner width=&#8221;1\/2&#8243;][vc_column_text el_class=&#8221;aempresatxt esquerda&#8221;]<\/p>\n<h2>Objetivos do Sistema de Gest\u00e3o Integrada &#8211; SGI<\/h2>\n<p>\u2713 Garantir o atendimento dos requisitos de seus clientes, regulamentares e estatut\u00e1rios, referentes ao transporte de produtos.<br \/>\n\u2713 Preservar a integridade f\u00edsica de todos os colaboradores, atrav\u00e9s de a\u00e7\u00f5es voltadas para a preven\u00e7\u00e3o da sa\u00fade e da seguran\u00e7a.<br \/>\n\u2713 Preservar o meio ambiente atrav\u00e9s de a\u00e7\u00f5es que garantam a realiza\u00e7\u00e3o das atividades, buscando mitigar ocorr\u00eancias e agindo de forma a atender as legisla\u00e7\u00f5es aplic\u00e1veis.<br \/>\n\u2713 Buscar a qualidade em todos os processos da empresa, atrav\u00e9s de a\u00e7\u00f5es que promovam a melhoria cont\u00ednua da efic\u00e1cia do sistema de gest\u00e3o integrado.<br \/>\n\u2713 Fomentar que todos os colaboradores comuniquem, de forma proativa, quaisquer problemas que afetem melhoria e manuten\u00e7\u00e3o dos programas de sa\u00fade, seguran\u00e7a, meio ambiente e qualidade.<br \/>\n\u2713 Ter o compromisso de proteger seus funcion\u00e1rios, prestadores de servi\u00e7os e visitantes nas pr\u00f3prias instala\u00e7\u00f5es.<br \/>\n\u2713 Estar aderente a integridade de sua propriedade e pr\u00e1ticas operacionais, mitigando danos, perdas, destrui\u00e7\u00e3o intencional ou roubo.[\/vc_column_text][\/vc_column_inner][\/vc_row_inner][vc_row_inner el_class=&#8221;contentxt3&#8243; css=&#8221;.vc_custom_1592080696560{padding-bottom: 80px !important;}&#8221;][vc_column_inner width=&#8221;1\/2&#8243;][vc_column_text el_class=&#8221;aempresatxt esquerda&#8221;]<\/p>\n<h2>Meio Ambiente<\/h2>\n<p>Atrav\u00e9s da implanta\u00e7\u00e3o da ISO 14001, a Furlong do Brasil visa contribuir com um dos pilares da sustentabilidade.<br \/>\nA empresa instiga o comprometimento de seus parceiros para que trabalhem de forma a garantir o comprometimento com a prote\u00e7\u00e3o do meio ambiente. Desta forma a empresa atua economizando os recursos naturais, prevenindo e mitigando impactos ambientais.[\/vc_column_text][\/vc_column_inner][vc_column_inner width=&#8221;1\/2&#8243;][vc_column_text el_class=&#8221;aempresatxt esquerda&#8221;]<\/p>\n<h2>Seguran\u00e7a<\/h2>\n<p>A Furlong do Brasil possui processos que apresentam uma s\u00e9rie de controles, que garantem a entrega da carga de forma segura e id\u00f4nea, mantendo a integridade do processo.<br \/>\nTrabalhamos continuamente de forma a garantir condi\u00e7\u00f5es de trabalho, que assegurem a sa\u00fade e seguran\u00e7a ocupacional de nossos colaboradores.<br \/>\nDesta maneira, a empresa procura mitigar continuamente o risco e melhorar os resultados.[\/vc_column_text][\/vc_column_inner][\/vc_row_inner][vc_row_inner gap=&#8221;15&#8243; el_class=&#8221;galclientes&#8221;][vc_column_inner]<!-- ========= Cool Timeline PRO 3.4.4 ========= --><div class=\"clt_preloader\"><img alt=\"Preloader\" src=\"https:\/\/www.furlong.com.br\/wp-content\/plugins\/cool-timeline-pro\/assets\/images\/preloader.gif\"><\/div><div  style=\"opacity:0\"\nclass=\"cool-timeline-horizontal white-timeline qualidade ht-design-3\"  \nid=\"ctl-horizontal-slider-6a04d12286a48\" \ndata-rtl=\"false\"\ndate-slider=\"ctl-h-slider-6a04d12286a48\" \ndata-nav=\"nav-slider-6a04d12286a48\" \ndata-items=\"4\" \ndata-start-on=\"2\" \ndata-autoplay=\"false\"\ndata-autoplay-speed=\"3000\">\n\n<div   class=\"timeline-wrapper white-timeline-wrapper hori-items-4\" ><div class=\"clt_carousel_slider\"  dir=\"\"><ul class=\"ctl_h_nav\" id=\"nav-slider-6a04d12286a48\"> <li class=\"ht-dates-design-3\" id=\"story-id-416\" data-date=\"story-id-416\"><span class=\"ctl-story-time selected\"  data-date=\"story-id-416\" ><div class=\"ctl-tooltips\"><span>1998<\/span><\/div><\/span><\/li> <li class=\"ht-dates-design-3\" id=\"story-id-418\" data-date=\"story-id-418\"><span class=\"ctl-story-time \"  data-date=\"story-id-418\" ><div class=\"ctl-tooltips\"><span>2000<\/span><\/div><\/span><\/li> <li class=\"ht-dates-design-3\" id=\"story-id-419\" data-date=\"story-id-419\"><span class=\"ctl-story-time \"  data-date=\"story-id-419\" ><div class=\"ctl-tooltips\"><span>2012<\/span><\/div><\/span><\/li> <li class=\"ht-dates-design-3\" id=\"story-id-423\" data-date=\"story-id-423\"><span class=\"ctl-story-time \"  data-date=\"story-id-423\" ><div class=\"ctl-tooltips\"><span>2016<\/span><\/div><\/span><\/li> <li class=\"ht-dates-design-3\" id=\"story-id-424\" data-date=\"story-id-424\"><span class=\"ctl-story-time \"  data-date=\"story-id-424\" ><div class=\"ctl-tooltips\"><span>2019<\/span><\/div><\/span><\/li> <li class=\"ht-dates-design-3\" id=\"story-id-2036\" data-date=\"story-id-2036\"><span class=\"ctl-story-time \"  data-date=\"story-id-2036\" ><div class=\"ctl-tooltips\"><span>2025<\/span><\/div><\/span><\/li><\/ul><\/div><div  class=\"clt_caru_slider\"  dir=\"\"><ul class=\"ctl_h_slides\"  id=\"ctl-h-slider-6a04d12286a48\"><li id=\"story-id-416-content\"  class=\"ht-design-3\"><div class=\"timeline-post light-grey-post ht-content-design-3\"><div class=\"ctl_info event-description full\"><h2 class=\"content-title-simple\">1998<\/h2><div class=\"content-details\"><p style=\"text-align: center;\"><img loading=\"lazy\" class=\"alignnone size-full wp-image-417\" src=\"http:\/\/furlong.com.br\/wp-content\/uploads\/2020\/06\/down.png\" alt=\"\" width=\"21\" height=\"30\" \/><\/p>\n<p style=\"text-align: center;\">Equipe Exclusiva<br \/>\nde qualidade<\/p>\n<\/div><\/div><\/div><\/li><li id=\"story-id-418-content\"  class=\"ht-design-3\"><div class=\"timeline-post light-grey-post ht-content-design-3\"><div class=\"ctl_info event-description full\"><h2 class=\"content-title-simple\">2000<\/h2><div class=\"content-details\"><p style=\"text-align: center;\"><img loading=\"lazy\" class=\"alignnone size-full wp-image-417\" src=\"http:\/\/furlong.com.br\/wp-content\/uploads\/2020\/06\/down.png\" alt=\"\" width=\"21\" height=\"30\" \/><\/p>\n<p style=\"text-align: center;\">Plano de melhoria cont\u00ednua<\/p>\n<\/div><\/div><\/div><\/li><li id=\"story-id-419-content\"  class=\"ht-design-3\"><div class=\"timeline-post light-grey-post ht-content-design-3\"><div class=\"ctl_info event-description full\"><h2 class=\"content-title-simple\">2012<\/h2><div class=\"content-details\"><p style=\"text-align: center;\"><img loading=\"lazy\" class=\"alignnone size-full wp-image-417\" src=\"http:\/\/furlong.com.br\/wp-content\/uploads\/2020\/06\/down.png\" alt=\"\" width=\"21\" height=\"30\" \/><\/p>\n<p style=\"text-align: center;\"><img loading=\"lazy\" class=\"size-full wp-image-420 alignnone\" src=\"http:\/\/furlong.com.br\/wp-content\/uploads\/2020\/06\/iso9001-1.jpg\" alt=\"\" width=\"64\" height=\"62\" \/>\u00a0 ISO 9001<\/p>\n<\/div><\/div><\/div><\/li><li id=\"story-id-423-content\"  class=\"ht-design-3\"><div class=\"timeline-post light-grey-post ht-content-design-3\"><div class=\"ctl_info event-description full\"><h2 class=\"content-title-simple\">2016<\/h2><div class=\"content-details\"><p style=\"text-align: center;\"><img loading=\"lazy\" class=\"alignnone size-full wp-image-417\" src=\"http:\/\/furlong.com.br\/wp-content\/uploads\/2020\/06\/down.png\" alt=\"\" width=\"21\" height=\"30\" \/><\/p>\n<p style=\"text-align: center;\">Plano de<br \/>\nsustentabilidade<\/p>\n<p>&nbsp;<\/p>\n<p style=\"text-align: center;\"><img loading=\"lazy\" class=\"alignnone size-full wp-image-417 aligncenter\" src=\"http:\/\/furlong.com.br\/wp-content\/uploads\/2020\/06\/down.png\" alt=\"\" width=\"21\" height=\"30\" \/><\/p>\n<p style=\"text-align: center;\">Equipe exclusiva<br \/>\nde seguridade<br \/>\ndo transporte<\/p>\n<\/div><\/div><\/div><\/li><li id=\"story-id-424-content\"  class=\"ht-design-3\"><div class=\"timeline-post light-grey-post ht-content-design-3\"><div class=\"ctl_info event-description full\"><h2 class=\"content-title-simple\">2020<\/h2><div class=\"content-details\"><p style=\"text-align: center;\"><img loading=\"lazy\" class=\"alignnone size-full wp-image-417\" src=\"http:\/\/furlong.com.br\/wp-content\/uploads\/2020\/06\/down.png\" alt=\"\" width=\"21\" height=\"30\" \/><\/p>\n<p style=\"text-align: center;\"><img loading=\"lazy\" class=\"alignnone size-full wp-image-421\" src=\"http:\/\/furlong.com.br\/wp-content\/uploads\/2020\/06\/iso14001-1.jpg\" alt=\"\" width=\"64\" height=\"62\" \/>\u00a0 ISO 14001<\/p>\n<\/div><\/div><\/div><\/li><li id=\"story-id-2036-content\"  class=\"ht-design-3\"><div class=\"timeline-post light-grey-post ht-content-design-3\"><div class=\"ctl_info event-description full\"><h2 class=\"content-title-simple\">2025<\/h2><div class=\"content-details\"><p style=\"text-align: center;\"><img loading=\"lazy\" class=\"alignnone size-full wp-image-417\" src=\"http:\/\/furlong.com.br\/wp-content\/uploads\/2020\/06\/down.png\" alt=\"\" width=\"21\" height=\"30\" \/><\/p>\n<p style=\"text-align: center;\"><img loading=\"lazy\" class=\"alignnone wp-image-1207 size-full\" src=\"https:\/\/furlong.com.br\/wp-content\/uploads\/2020\/12\/oea1.jpg\" alt=\"\" width=\"100\" height=\"85\" srcset=\"https:\/\/www.furlong.com.br\/wp-content\/uploads\/2020\/12\/oea1.jpg 100w, https:\/\/www.furlong.com.br\/wp-content\/uploads\/2020\/12\/oea1-14x12.jpg 14w\" sizes=\"(max-width: 100px) 100vw, 100px\" \/>\u00a0 OEA<\/p>\n<p>&nbsp;<\/p>\n<p style=\"text-align: center;\">\n<\/div><\/div><\/div><\/li><\/ul><\/div><\/div><\/div><style type=\"text\/css\"><\/style><!-- end  ================================================== -->[\/vc_column_inner][\/vc_row_inner][vc_row_inner el_class=&#8221;contentxt2&#8243; css=&#8221;.vc_custom_1592079201145{margin-top: 40px !important;}&#8221;][vc_column_inner width=&#8221;1\/3&#8243;][vc_column_text el_class=&#8221;sustentabilidadetxt&#8221;]<img loading=\"lazy\" class=\"alignnone size-full wp-image-105\" src=\"http:\/\/furlong.com.br\/wp-content\/uploads\/2020\/06\/iso9001.jpg\" alt=\"\" width=\"100\" height=\"85\" \/><\/p>\n<h3>ISO 9001<\/h3>\n<p>A Transportes Furlong do Brasil atua desde o in\u00edcio das opera\u00e7\u00f5es com o foco m\u00e1ximo em seguran\u00e7a e qualidade, al\u00e9m da agilidade exigida nessas opera\u00e7\u00f5es. Em 2012 a empresa optou por se certificar na norma 9001, com o intuito de garantir aos nossos clientes, o segmento dos padr\u00f5es preestabelecidos por norma. Comprovando a nossa preocupa\u00e7\u00e3o com a garantia da qualidade e melhoria continua de nosso servi\u00e7o.[\/vc_column_text][\/vc_column_inner][vc_column_inner width=&#8221;1\/3&#8243;][vc_column_text el_class=&#8221;sustentabilidadetxt&#8221;]<img loading=\"lazy\" class=\"alignnone wp-image-106 size-full\" src=\"http:\/\/furlong.com.br\/wp-content\/uploads\/2020\/06\/iso14001.jpg\" alt=\"\" width=\"100\" height=\"85\" \/><\/p>\n<h3>ISO 14001<\/h3>\n<p>Em 2016 o nosso Plano de Sustentabilidade foi colocado em pr\u00e1tica, juntamente com uma equipe exclusiva de seguran\u00e7a no transporte. Diante disso, em 2019 entramos com o processo para implementar a ISO 14001, uma norma que permite desenvolvimento de uma estrutura com foco na prote\u00e7\u00e3o do meio ambiente.<br \/>\nTal norma considera os aspectos e impactos ambientais influenciados pela empresa e outros pass\u00edveis a serem controlados. Para isso, temos as pol\u00edticas estabelecidas e praticadas de acordo com estudo sustent\u00e1veis.[\/vc_column_text][\/vc_column_inner][vc_column_inner width=&#8221;1\/3&#8243;][vc_column_text el_class=&#8221;sustentabilidadetxt&#8221;]<img loading=\"lazy\" class=\"alignnone wp-image-1207 size-full\" src=\"https:\/\/furlong.com.br\/wp-content\/uploads\/2020\/12\/oea1.jpg\" alt=\"\" width=\"100\" height=\"85\" srcset=\"https:\/\/www.furlong.com.br\/wp-content\/uploads\/2020\/12\/oea1.jpg 100w, https:\/\/www.furlong.com.br\/wp-content\/uploads\/2020\/12\/oea1-14x12.jpg 14w\" sizes=\"(max-width: 100px) 100vw, 100px\" \/><\/p>\n<h3>OEA<\/h3>\n<p>A Transportes Furlong do Brasil tem orgulho de anunciar que <strong>conquistou a certifica\u00e7\u00e3o OEA \u2013 Operador Econ\u00f4mico Autorizado<\/strong>, concedida pela Receita Federal. Esse reconhecimento formaliza nosso compromisso com a seguran\u00e7a da cadeia log\u00edstica internacional e refor\u00e7a a rela\u00e7\u00e3o de confian\u00e7a entre a empresa, o Estado e os \u00f3rg\u00e3os aduaneiros.<\/p>\n<p>Como empresa certificada OEA, atuamos com <strong>processos s\u00f3lidos, rastre\u00e1veis e alinhados \u00e0s melhores pr\u00e1ticas internacionais<\/strong>, assegurando a integridade das opera\u00e7\u00f5es de importa\u00e7\u00e3o e exporta\u00e7\u00e3o e reduzindo significativamente riscos de fraudes, interfer\u00eancias il\u00edcitas ou desvios operacionais.<\/p>\n<p>A certifica\u00e7\u00e3o OEA representa para n\u00f3s n\u00e3o apenas um selo de qualidade, mas a valida\u00e7\u00e3o de que operamos com <strong>elevados padr\u00f5es de seguran\u00e7a, transpar\u00eancia e conformidade<\/strong>, garantindo maior efici\u00eancia, previsibilidade e confiabilidade em toda a cadeia log\u00edstica.[\/vc_column_text][\/vc_column_inner][\/vc_row_inner][\/vc_column][\/vc_row][vc_row full_width=&#8221;stretch_row_content_no_spaces&#8221; css=&#8221;.vc_custom_1591993144326{padding-top: 60px !important;padding-bottom: 60px !important;background-image: url(http:\/\/furlong.com.br\/wp-content\/uploads\/2020\/06\/Grupo-135.jpg?id=384) !important;}&#8221; el_id=&#8221;rse&#8221;][vc_column width=&#8221;5\/6&#8243; offset=&#8221;vc_col-lg-offset-2&#8243;][vc_row_inner][vc_column_inner width=&#8221;2\/3&#8243;][vc_column_text el_class=&#8221;rsetxt&#8221;]<\/p>\n<h2>Responsabilidade<br \/>\nSocial Empresarial<\/h2>\n<p>[\/vc_column_text][\/vc_column_inner][\/vc_row_inner][\/vc_column][\/vc_row][vc_row full_width=&#8221;stretch_row_content_no_spaces&#8221; el_id=&#8221;empresas&#8221;][vc_column width=&#8221;5\/6&#8243; offset=&#8221;vc_col-lg-offset-2&#8243;][vc_row_inner el_class=&#8221;contentxt&#8221;][vc_column_inner width=&#8221;1\/4&#8243;][\/vc_column_inner][vc_column_inner width=&#8221;1\/4&#8243;][vc_column_text]<img loading=\"lazy\" class=\"alignnone size-full wp-image-386\" src=\"http:\/\/furlong.com.br\/wp-content\/uploads\/2020\/06\/asoc_los_toritos.png\" alt=\"\" width=\"200\" height=\"169\" \/><\/p>\n<h3>Los Toritos<\/h3>\n<p>A Furlong do Brasil apoia financeiramente com pagamentos fixos mensais a organiza\u00e7\u00e3o &#8221; Los Toritos&#8221; desde o ano de 2009. &#8220;Los Toritos&#8221; \u00e9 uma organiza\u00e7\u00e3o sem fins lucrativos que foca na ajuda escolar e aliment\u00edcia de menores de idade em situa\u00e7\u00e3o de pobreza.[\/vc_column_text][\/vc_column_inner][vc_column_inner width=&#8221;1\/4&#8243;][vc_column_text]<img loading=\"lazy\" class=\"alignnone wp-image-387 size-full\" src=\"http:\/\/furlong.com.br\/wp-content\/uploads\/2020\/06\/santoantoniosbc.png\" alt=\"\" width=\"200\" height=\"169\" \/><\/p>\n<h3>Par\u00f3quia Santo Ant\u00f4nio<\/h3>\n<p>A Furlong do Brasil realizou doa\u00e7\u00f5es de cestas b\u00e1sicas para as fam\u00edlias carentes das comunidades pr\u00f3ximas na regi\u00e3o do Bairro Batistini, em conjunto com o Padres Osvaldo da Par\u00f3quia Santo Antonio.[\/vc_column_text][\/vc_column_inner][vc_column_inner width=&#8221;1\/4&#8243;][\/vc_column_inner][\/vc_row_inner][vc_row_inner el_class=&#8221;itens&#8221; css=&#8221;.vc_custom_1592081788848{margin-bottom: 100px !important;}&#8221;][vc_column_inner width=&#8221;1\/4&#8243;][vc_column_text]<\/p>\n<p style=\"text-align: left;\"><img loading=\"lazy\" class=\"aligncenter wp-image-392 size-full\" src=\"http:\/\/furlong.com.br\/wp-content\/uploads\/2020\/06\/reducao.png\" alt=\"\" width=\"66\" height=\"77\" \/><\/p>\n<p style=\"text-align: center;\">Redu\u00e7\u00e3o do consumo de recursos<\/p>\n<p>[\/vc_column_text][\/vc_column_inner][vc_column_inner width=&#8221;1\/4&#8243;][vc_column_text]<\/p>\n<p style=\"text-align: left;\"><img loading=\"lazy\" class=\"wp-image-390 size-full aligncenter\" src=\"http:\/\/furlong.com.br\/wp-content\/uploads\/2020\/06\/impacto.png\" alt=\"\" width=\"66\" height=\"77\" \/><\/p>\n<p style=\"text-align: center;\">Redu\u00e7\u00e3o do impacto sobre a natureza<\/p>\n<p>[\/vc_column_text][\/vc_column_inner][vc_column_inner width=&#8221;1\/4&#8243;][vc_column_text]<\/p>\n<p style=\"text-align: center;\"><img loading=\"lazy\" class=\"wp-image-389 size-full aligncenter\" src=\"http:\/\/furlong.com.br\/wp-content\/uploads\/2020\/06\/forncecer.png\" alt=\"\" width=\"66\" height=\"77\" \/><\/p>\n<p>Fornecer mais valor ao produto ou servi\u00e7o[\/vc_column_text][\/vc_column_inner][vc_column_inner width=&#8221;1\/4&#8243;][vc_column_text]<\/p>\n<p style=\"text-align: left;\"><img loading=\"lazy\" class=\"wp-image-391 size-full aligncenter\" src=\"http:\/\/furlong.com.br\/wp-content\/uploads\/2020\/06\/implementar.png\" alt=\"\" width=\"66\" height=\"77\" \/><\/p>\n<p style=\"text-align: center;\">Implementar Sistemas de gest\u00e3o ambiental<\/p>\n<p>[\/vc_column_text][\/vc_column_inner][\/vc_row_inner][\/vc_column][\/vc_row]<\/p>\n","protected":false},"excerpt":{"rendered":"<p>[vc_row full_width=&#8221;stretch_row_content_no_spaces&#8221; el_id=&#8221;titulo-pagina&#8221; css=&#8221;.vc_custom_1591992190806{background-image: url(http:\/\/furlong.com.br\/wp-content\/uploads\/2020\/06\/header-qualidade-sustentabilidade.jpg?id=373) !important;background-position: center !important;background-repeat: no-repeat !important;background-size: cover !important;}&#8221;][vc_column][vc_row_inner][vc_column_inner width=&#8221;1\/2&#8243; offset=&#8221;vc_col-lg-offset-6&#8243;][vc_column_text el_class=&#8221;titulopaginatxt&#8221;] Qualidade, Seguran\u00e7a e Sustentabilidade A qualidade dos nossos servi\u00e7os e a garantia de sermos sustent\u00e1veis s\u00e3o os nossos pilares. [\/vc_column_text][\/vc_column_inner][\/vc_row_inner][\/vc_column][\/vc_row][vc_row full_width=&#8221;stretch_row_content_no_spaces&#8221; el_id=&#8221;a-empresa&#8221; css=&#8221;.vc_custom_1591819256439{padding-top: 60px !important;padding-bottom: 60px !important;}&#8221;][vc_column width=&#8221;5\/6&#8243; offset=&#8221;vc_col-lg-offset-2&#8243;][vc_row_inner el_class=&#8221;contentxt3&#8243; css=&#8221;.vc_custom_1592080696560{padding-bottom: 80px !important;}&#8221;][vc_column_inner width=&#8221;1\/2&#8243;][vc_column_text el_class=&#8221;aempresatxt&hellip;<\/p>\n","protected":false},"author":7,"featured_media":0,"parent":0,"menu_order":0,"comment_status":"closed","ping_status":"open","template":"","meta":[],"_links":{"self":[{"href":"https:\/\/www.furlong.com.br\/pt_br\/wp-json\/wp\/v2\/pages\/372"}],"collection":[{"href":"https:\/\/www.furlong.com.br\/pt_br\/wp-json\/wp\/v2\/pages"}],"about":[{"href":"https:\/\/www.furlong.com.br\/pt_br\/wp-json\/wp\/v2\/types\/page"}],"author":[{"embeddable":true,"href":"https:\/\/www.furlong.com.br\/pt_br\/wp-json\/wp\/v2\/users\/7"}],"replies":[{"embeddable":true,"href":"https:\/\/www.furlong.com.br\/pt_br\/wp-json\/wp\/v2\/comments?post=372"}],"version-history":[{"count":42,"href":"https:\/\/www.furlong.com.br\/pt_br\/wp-json\/wp\/v2\/pages\/372\/revisions"}],"predecessor-version":[{"id":2037,"href":"https:\/\/www.furlong.com.br\/pt_br\/wp-json\/wp\/v2\/pages\/372\/revisions\/2037"}],"wp:attachment":[{"href":"https:\/\/www.furlong.com.br\/pt_br\/wp-json\/wp\/v2\/media?parent=372"}],"curies":[{"name":"wp","href":"https:\/\/api.w.org\/{rel}","templated":true}]}}