{"id":474,"date":"2020-06-14T16:12:57","date_gmt":"2020-06-14T19:12:57","guid":{"rendered":"http:\/\/furlong.com.br\/?page_id=474"},"modified":"2021-01-15T20:31:59","modified_gmt":"2021-01-15T23:31:59","slug":"logistica-de-veiculos","status":"publish","type":"page","link":"https:\/\/www.furlong.com.br\/en\/servicos\/servicos-de-logistica-2\/logistica-de-veiculos\/","title":{"rendered":"Vehicles Logistics"},"content":{"rendered":"<p>[vc_row full_width=&#8221;stretch_row_content_no_spaces&#8221; el_id=&#8221;titulo-pagina&#8221; css=&#8221;.vc_custom_1594070554875{background-image: url(http:\/\/furlong.com.br\/wp-content\/uploads\/2020\/07\/header-veiculos.jpg?id=682) !important;background-position: center !important;background-repeat: no-repeat !important;background-size: cover !important;}&#8221;][vc_column width=&#8221;5\/6&#8243; offset=&#8221;vc_col-lg-offset-2&#8243;][vc_row_inner el_class=&#8221;containerhead&#8221; css=&#8221;.vc_custom_1592160260896{margin-bottom: 45px !important;}&#8221;][vc_column_inner width=&#8221;5\/12&#8243;][vc_column_text el_class=&#8221;rsetxt&#8221;]<\/p>\n<h2><img loading=\"lazy\" class=\"wp-image-446 size-full alignleft\" src=\"http:\/\/furlong.com.br\/wp-content\/uploads\/2020\/06\/noun_warehouse_1938587.png\" alt=\"\" width=\"59\" height=\"52\" \/> Logistics Services<\/h2>\n<p>[\/vc_column_text][\/vc_column_inner][vc_column_inner width=&#8221;7\/12&#8243;][vc_column_text el_class=&#8221;headerred&#8221;]<\/p>\n<h2>Logistics<br \/>\nVehicles<\/h2>\n<p>[\/vc_column_text][\/vc_column_inner][\/vc_row_inner][vc_row_inner el_class=&#8221;containerhead&#8221;][vc_column_inner width=&#8221;1\/4&#8243;][vc_column_text el_class=&#8221;breadcrumb1&#8243;]Outros servi\u00e7os<br \/>\nde transporte:[\/vc_column_text][\/vc_column_inner][vc_column_inner width=&#8221;2\/3&#8243;][vc_column_text el_class=&#8221;breadcrumb2&#8243;]<\/p>\n<ul>\n<li><a href=\"http:\/\/furlong.com.br\/servicos\/servicos-de-logistica-2\/logistica-para-carga-geral\/\">Logistics for general cargo<\/a><\/li>\n<li><a href=\"http:\/\/furlong.com.br\/servicos\/servicos-de-logistica-2\/logistica-de-portuaria\/\">Port Logistics<\/a><\/li>\n<\/ul>\n<p>[\/vc_column_text][\/vc_column_inner][\/vc_row_inner][\/vc_column][\/vc_row][vc_row full_width=&#8221;stretch_row_content_no_spaces&#8221; el_id=&#8221;a-empresa&#8221; css=&#8221;.vc_custom_1591819256439{padding-top: 60px !important;padding-bottom: 60px !important;}&#8221;][vc_column width=&#8221;5\/6&#8243; offset=&#8221;vc_col-lg-offset-2&#8243;][vc_row_inner el_class=&#8221;contentxt&#8221; css=&#8221;.vc_custom_1591823822093{padding-bottom: 80px !important;}&#8221;][vc_column_inner width=&#8221;1\/2&#8243;][vc_column_text el_class=&#8221;aempresatxt esquerda&#8221;]<\/p>\n<h2>Vehicle<br \/>\nstorage<\/h2>\n<p>[\/vc_column_text][vc_column_text el_class=&#8221;aempresatxt esquerda&#8221;]A Transportes Furlong do Brasil gerencia em seu p\u00e1tio de S\u00e3o Bernardo do Campo e Uruguaiana, o estoque das montadoras, responsabilizando-se pela recep\u00e7\u00e3o, parqueamento, vigil\u00e2ncia e controles de entrada e sa\u00edda de unidades.<br \/>\nTodo este processo \u00e9 realizado de acordo com as necessidades espec\u00edficas de cada cliente.<br \/>\nOpera\u00e7\u00e3o de descarga das unidades (desamarrar, descarregar em rampas e inspecionar os ve\u00edculos).<br \/>\nOpera\u00e7\u00e3o de carregamento das unidades<br \/>\nOpera\u00e7\u00e3o de retirada de unidades nos p\u00e1tios internos das montadoras.[\/vc_column_text][\/vc_column_inner][vc_column_inner width=&#8221;1\/2&#8243;][vc_single_image image=&#8221;475&#8243; img_size=&#8221;full&#8221; alignment=&#8221;right&#8221;][\/vc_column_inner][\/vc_row_inner][\/vc_column][\/vc_row]<\/p>","protected":false},"excerpt":{"rendered":"<p>[vc_row full_width=&#8221;stretch_row_content_no_spaces&#8221; el_id=&#8221;titulo-pagina&#8221; css=&#8221;.vc_custom_1594070554875{background-image: url(http:\/\/furlong.com.br\/wp-content\/uploads\/2020\/07\/header-veiculos.jpg?id=682) !important;background-position: center !important;background-repeat: no-repeat !important;background-size: cover !important;}&#8221;][vc_column width=&#8221;5\/6&#8243; offset=&#8221;vc_col-lg-offset-2&#8243;][vc_row_inner el_class=&#8221;containerhead&#8221; css=&#8221;.vc_custom_1592160260896{margin-bottom: 45px !important;}&#8221;][vc_column_inner width=&#8221;5\/12&#8243;][vc_column_text el_class=&#8221;rsetxt&#8221;] Servi\u00e7os de log\u00edstica [\/vc_column_text][\/vc_column_inner][vc_column_inner width=&#8221;7\/12&#8243;][vc_column_text el_class=&#8221;headerred&#8221;] Log\u00edstica de Ve\u00edculos [\/vc_column_text][\/vc_column_inner][\/vc_row_inner][vc_row_inner el_class=&#8221;containerhead&#8221;][vc_column_inner width=&#8221;1\/4&#8243;][vc_column_text el_class=&#8221;breadcrumb1&#8243;]Outros servi\u00e7os de transporte:[\/vc_column_text][\/vc_column_inner][vc_column_inner width=&#8221;2\/3&#8243;][vc_column_text el_class=&#8221;breadcrumb2&#8243;] Log\u00edstica para cargas gerais Log\u00edstica de portu\u00e1ria [\/vc_column_text][\/vc_column_inner][\/vc_row_inner][\/vc_column][\/vc_row][vc_row full_width=&#8221;stretch_row_content_no_spaces&#8221; el_id=&#8221;a-empresa&#8221; css=&#8221;.vc_custom_1591819256439{padding-top: 60px !important;padding-bottom: 60px !important;}&#8221;][vc_column width=&#8221;5\/6&#8243; offset=&#8221;vc_col-lg-offset-2&#8243;][vc_row_inner [&hellip;]<\/p>","protected":false},"author":7,"featured_media":0,"parent":440,"menu_order":0,"comment_status":"closed","ping_status":"open","template":"","meta":[],"_links":{"self":[{"href":"https:\/\/www.furlong.com.br\/en\/wp-json\/wp\/v2\/pages\/474"}],"collection":[{"href":"https:\/\/www.furlong.com.br\/en\/wp-json\/wp\/v2\/pages"}],"about":[{"href":"https:\/\/www.furlong.com.br\/en\/wp-json\/wp\/v2\/types\/page"}],"author":[{"embeddable":true,"href":"https:\/\/www.furlong.com.br\/en\/wp-json\/wp\/v2\/users\/7"}],"replies":[{"embeddable":true,"href":"https:\/\/www.furlong.com.br\/en\/wp-json\/wp\/v2\/comments?post=474"}],"version-history":[{"count":5,"href":"https:\/\/www.furlong.com.br\/en\/wp-json\/wp\/v2\/pages\/474\/revisions"}],"predecessor-version":[{"id":1132,"href":"https:\/\/www.furlong.com.br\/en\/wp-json\/wp\/v2\/pages\/474\/revisions\/1132"}],"up":[{"embeddable":true,"href":"https:\/\/www.furlong.com.br\/en\/wp-json\/wp\/v2\/pages\/440"}],"wp:attachment":[{"href":"https:\/\/www.furlong.com.br\/en\/wp-json\/wp\/v2\/media?parent=474"}],"curies":[{"name":"wp","href":"https:\/\/api.w.org\/{rel}","templated":true}]}}